{"id":586394,"date":"2024-11-22T14:10:45","date_gmt":"2024-11-22T12:10:45","guid":{"rendered":"https:\/\/diko-sou.com\/product\/antaptoras-hdmi-se-av-882091\/"},"modified":"2025-11-24T14:35:46","modified_gmt":"2025-11-24T12:35:46","slug":"antaptoras-hdmi-se-av-882091","status":"publish","type":"product","link":"https:\/\/diko-sou.com\/en\/product\/antaptoras-hdmi-se-av-882091\/","title":{"rendered":"Adapter - HDMI to AV - 882091"},"content":{"rendered":"<p>\u0391\u03bd\u03c4\u03ac\u03c0\u03c4\u03bf\u03c1\u03b1\u03c2 &#8211; HDMI \u03c3\u03b5 AV<\/p>\n<p>\u039f Mini HDMI2AV \u03bc\u03b5\u03c4\u03b1\u03c4\u03c1\u03bf\u03c0\u03ad\u03b1\u03c2, \u03bc\u03b5\u03c4\u03b1\u03c4\u03c1\u03ad\u03c0\u03b5\u03b9 \u03c4\u03bf HDMI \u03c3\u03ae\u03bc\u03b1 \u03b2\u03af\u03bd\u03c4\u03b5\u03bf \u03ae \u03c4\u03bf \u03c3\u03ae\u03bc\u03b1 \u03ae\u03c7\u03bf\u03c5 \u03c3\u03c4\u03bf \u03c3\u03cd\u03bd\u03b8\u03b5\u03c4\u03bf \u03c3\u03ae\u03bc\u03b1 \u03b2\u03af\u03bd\u03c4\u03b5\u03bf AV (CVBS). \u03a3\u03b1\u03c2 \u03b2\u03bf\u03b7\u03b8\u03ac\u03b5\u03b9 \u03bd\u03b1 \u03b1\u03bb\u03bb\u03ac\u03be\u03b5\u03c4\u03b5 \u03c4\u03b7\u03bd \u03c5\u03c8\u03b7\u03bb\u03ae \u03c0\u03bf\u03b9\u03cc\u03c4\u03b7\u03c4\u03b1 \u03c4\u03bf\u03c5 \u03c3\u03ae\u03bc\u03b1\u03c4\u03bf\u03c2 HDMI \u03c3\u03b5 \u03c4\u03c5\u03c0\u03b9\u03ba\u03cc \u03c3\u03ae\u03bc\u03b1 CVBS (\u03c4\u03c5\u03c0\u03b9\u03ba\u03ae \u03b5\u03c5\u03ba\u03c1\u03af\u03bd\u03b5\u03b9\u03b1 480i, 576i), \u03ce\u03c3\u03c4\u03b5 \u03bd\u03b1 \u03bc\u03c0\u03bf\u03c1\u03bf\u03cd\u03bd \u03bd\u03b1 \u03b1\u03bd\u03b1\u03c0\u03b1\u03c1\u03b1\u03c7\u03b8\u03bf\u03cd\u03bd \u03c3\u03b5 \u03c4\u03b7\u03bb\u03b5\u03cc\u03c1\u03b1\u03c3\u03b7, VHS VCR, DVD recorders \u03ba\u03bb\u03c0.<\/p>\n<p>\u2013 CVBS output: PAL, NTSC_M, NTSC_J<\/p>\n<p>Technical characteristics:<br \/>\n\u0398\u03cd\u03c1\u03b5\u03c2 \u03b5\u03b9\u03c3\u03cc\u03b4\u03bf\u03c5: 1xHDMI<br \/>\n\u0398\u03cd\u03c1\u03b5\u03c2 \u03b5\u03be\u03cc\u03b4\u03bf\u03c5: 1xRCA (Yellow, white, Red<br \/>\n\u03a3\u03cd\u03bd\u03b8\u03b5\u03c4\u03b7 \u03b5\u03af\u03c3\u03bf\u03b4\u03bf\u03c2: PAL,NTSC3.58,NTSC4.43,SECAM,PAL\/M,PAL\/N.<br \/>\nHDMI Input Resolution: 600\u00d7480, 800\u00d7600, 1024\u00d7768, 1280\u00d7720, 1208\u00d71024, 1280\u00d71024, 1360\u00d7768, 1600\u00d71200, 1920\u00d71080,<\/p>\n<p>480i\/60Hz, 480p\/60Hz, 576i\/60Hz, 576p\/60Hz, 720p50\/60Hz, 1080I50\/60Hz, 1080p50\/60Hz<\/p>\n<p>\u0394\u03b9\u03b1\u03c3\u03c4\u03ac\u03c3\u03b5\u03b9\u03c2(mm): 66(D)x55(W)x20(H)<br \/>\n\u0392\u03ac\u03c1\u03bf\u03c2: 40g<\/p>","protected":false},"excerpt":{"rendered":"<p>\u0391\u03bd\u03c4\u03ac\u03c0\u03c4\u03bf\u03c1\u03b1\u03c2 &#8211; HDMI \u03c3\u03b5 AV<\/p>\n<p>\u039f Mini HDMI2AV \u03bc\u03b5\u03c4\u03b1\u03c4\u03c1\u03bf\u03c0\u03ad\u03b1\u03c2, \u03bc\u03b5\u03c4\u03b1\u03c4\u03c1\u03ad\u03c0\u03b5\u03b9 \u03c4\u03bf HDMI \u03c3\u03ae\u03bc\u03b1 \u03b2\u03af\u03bd\u03c4\u03b5\u03bf \u03ae \u03c4\u03bf \u03c3\u03ae\u03bc\u03b1 \u03ae\u03c7\u03bf\u03c5 \u03c3\u03c4\u03bf \u03c3\u03cd\u03bd\u03b8\u03b5\u03c4\u03bf \u03c3\u03ae\u03bc\u03b1 \u03b2\u03af\u03bd\u03c4\u03b5\u03bf AV (CVBS). \u03a3\u03b1\u03c2 \u03b2\u03bf\u03b7\u03b8\u03ac\u03b5\u03b9 \u03bd\u03b1 \u03b1\u03bb\u03bb\u03ac\u03be\u03b5\u03c4\u03b5 \u03c4\u03b7\u03bd \u03c5\u03c8\u03b7\u03bb\u03ae \u03c0\u03bf\u03b9\u03cc\u03c4\u03b7\u03c4\u03b1 \u03c4\u03bf\u03c5 \u03c3\u03ae\u03bc\u03b1\u03c4\u03bf\u03c2 HDMI \u03c3\u03b5 \u03c4\u03c5\u03c0\u03b9\u03ba\u03cc \u03c3\u03ae\u03bc\u03b1 CVBS (\u03c4\u03c5\u03c0\u03b9\u03ba\u03ae \u03b5\u03c5\u03ba\u03c1\u03af\u03bd\u03b5\u03b9\u03b1 480i, 576i), \u03ce\u03c3\u03c4\u03b5 \u03bd\u03b1 \u03bc\u03c0\u03bf\u03c1\u03bf\u03cd\u03bd \u03bd\u03b1 \u03b1\u03bd\u03b1\u03c0\u03b1\u03c1\u03b1\u03c7\u03b8\u03bf\u03cd\u03bd \u03c3\u03b5 \u03c4\u03b7\u03bb\u03b5\u03cc\u03c1\u03b1\u03c3\u03b7, VHS VCR, DVD recorders \u03ba\u03bb\u03c0.<\/p>\n<p>\u2013 CVBS output: PAL, NTSC_M, NTSC_J<\/p>\n<p>Technical characteristics:<br \/>\n\u0398\u03cd\u03c1\u03b5\u03c2 \u03b5\u03b9\u03c3\u03cc\u03b4\u03bf\u03c5: 1xHDMI<br \/>\n\u0398\u03cd\u03c1\u03b5\u03c2 \u03b5\u03be\u03cc\u03b4\u03bf\u03c5: 1xRCA (Yellow, white, Red<br \/>\n\u03a3\u03cd\u03bd\u03b8\u03b5\u03c4\u03b7 \u03b5\u03af\u03c3\u03bf\u03b4\u03bf\u03c2: PAL,NTSC3.58,NTSC4.43,SECAM,PAL\/M,PAL\/N.<br \/>\nHDMI Input Resolution: 600\u00d7480, 800\u00d7600, 1024\u00d7768, 1280\u00d7720, 1208\u00d71024, 1280\u00d71024, 1360\u00d7768, 1600\u00d71200, 1920\u00d71080,<\/p>\n<p>480i\/60Hz, 480p\/60Hz, 576i\/60Hz, 576p\/60Hz, 720p50\/60Hz, 1080I50\/60Hz, 1080p50\/60Hz<\/p>\n<p>\u0394\u03b9\u03b1\u03c3\u03c4\u03ac\u03c3\u03b5\u03b9\u03c2(mm): 66(D)x55(W)x20(H)<br \/>\n\u0392\u03ac\u03c1\u03bf\u03c2: 40g<\/p>","protected":false},"featured_media":540747,"template":"","meta":{"_acf_changed":false},"etheme_brands":[{"term_id":37488,"name":"Tradesor","slug":"tradesor","term_group":0,"term_taxonomy_id":37488,"taxonomy":"brand","description":"","parent":0,"count":11393,"filter":"raw"}],"product_brand":[],"product_cat":[53523,53524,53525],"product_tag":[],"class_list":{"0":"post-586394","1":"product","2":"type-product","3":"status-publish","4":"has-post-thumbnail","6":"brand-tradesor","7":"product_cat-eidi-technologias","8":"product_cat-kalodia","9":"product_cat-kalodia-tileorasis-ichou-kai-i-y","10":"pa_brand-tradesor","11":"pa_chroma-no-color","12":"pa_megethos-no-size","13":"pa_mpn-76328","15":"first","16":"instock","17":"taxable","18":"shipping-taxable","19":"purchasable","20":"product-type-simple"},"acf":[],"_links":{"self":[{"href":"https:\/\/diko-sou.com\/en\/wp-json\/wp\/v2\/product\/586394","targetHints":{"allow":["GET"]}}],"collection":[{"href":"https:\/\/diko-sou.com\/en\/wp-json\/wp\/v2\/product"}],"about":[{"href":"https:\/\/diko-sou.com\/en\/wp-json\/wp\/v2\/types\/product"}],"version-history":[{"count":1,"href":"https:\/\/diko-sou.com\/en\/wp-json\/wp\/v2\/product\/586394\/revisions"}],"predecessor-version":[{"id":586395,"href":"https:\/\/diko-sou.com\/en\/wp-json\/wp\/v2\/product\/586394\/revisions\/586395"}],"wp:featuredmedia":[{"embeddable":true,"href":"https:\/\/diko-sou.com\/en\/wp-json\/wp\/v2\/media\/540747"}],"wp:attachment":[{"href":"https:\/\/diko-sou.com\/en\/wp-json\/wp\/v2\/media?parent=586394"}],"wp:term":[{"taxonomy":"brand","embeddable":true,"href":"https:\/\/diko-sou.com\/en\/wp-json\/wp\/v2\/etheme_brands?post=586394"},{"taxonomy":"product_brand","embeddable":true,"href":"https:\/\/diko-sou.com\/en\/wp-json\/wp\/v2\/product_brand?post=586394"},{"taxonomy":"product_cat","embeddable":true,"href":"https:\/\/diko-sou.com\/en\/wp-json\/wp\/v2\/product_cat?post=586394"},{"taxonomy":"product_tag","embeddable":true,"href":"https:\/\/diko-sou.com\/en\/wp-json\/wp\/v2\/product_tag?post=586394"}],"curies":[{"name":"wp","href":"https:\/\/api.w.org\/{rel}","templated":true}]}}